{"id":15,"date":"2012-07-11T19:51:41","date_gmt":"2012-07-11T17:51:41","guid":{"rendered":"http:\/\/localhost\/hebammenteam-die2.de\/?page_id=15"},"modified":"2020-04-06T23:40:33","modified_gmt":"2020-04-06T21:40:33","slug":"wochenbett","status":"publish","type":"page","link":"https:\/\/www.hebammenteam-die2.de\/?page_id=15","title":{"rendered":"Wochenbett"},"content":{"rendered":"<p align=\"justify\"><span style=\"font-family: Calibri, sans-serif;\">In der ersten Zeit nach der Geburt f\u00fchlen sich Eltern mit ihrem Kind manchmal \u00fcberfordert. Deshalb werden meine Hausbesuche bei Ihnen grunds\u00e4tzlich<\/span><\/p>\n<p align=\"justify\"><span style=\"font-family: Calibri, sans-serif;\">in den ersten 10 Tagen nach der Geburt jeden Tag, <\/span><\/p>\n<p align=\"justify\"><span style=\"font-family: Calibri, sans-serif;\">dann alle 2 Tage, <\/span><\/p>\n<p align=\"justify\"><span style=\"font-family: Calibri, sans-serif;\">anschlie\u00dfend 2x in der Woche und <\/span><\/p>\n<p align=\"justify\"><span style=\"font-family: Calibri, sans-serif;\">letztendlich 1x in der Woche stattfinden. <\/span><\/p>\n<p align=\"justify\"><span style=\"font-family: Calibri, sans-serif;\">Nach 8 Wochen haben Sie Anspruch auf weitere 8 Besuche. <\/span><\/p>\n<p align=\"justify\"><span style=\"font-family: Calibri, sans-serif;\"><b>Meine Erreichbarkeit liegt mir sehr am Herzen. Deswegen stehe ich Ihnen bei Problemen und Fragen rund um die Uhr mit Rat und Tat zur Seite \u2013 schlie\u00dflich sind auch Wochenenden und Feiertage mit Baby nicht immer sorgenfrei! <\/b><\/span><\/p>\n","protected":false},"excerpt":{"rendered":"<p>In der ersten Zeit nach der Geburt f\u00fchlen sich Eltern mit ihrem Kind manchmal \u00fcberfordert. Deshalb werden meine Hausbesuche bei Ihnen grunds\u00e4tzlich in den ersten 10 Tagen nach der Geburt jeden Tag, dann alle 2 Tage, anschlie\u00dfend 2x in der Woche und letztendlich 1x in der Woche stattfinden. Nach 8 Wochen haben Sie Anspruch auf [&hellip;]<\/p>\n","protected":false},"author":1,"featured_media":0,"parent":0,"menu_order":4,"comment_status":"open","ping_status":"closed","template":"","meta":{"footnotes":"","_links_to":"","_links_to_target":""},"class_list":["post-15","page","type-page","status-publish","hentry"],"_links":{"self":[{"href":"https:\/\/www.hebammenteam-die2.de\/index.php?rest_route=\/wp\/v2\/pages\/15","targetHints":{"allow":["GET"]}}],"collection":[{"href":"https:\/\/www.hebammenteam-die2.de\/index.php?rest_route=\/wp\/v2\/pages"}],"about":[{"href":"https:\/\/www.hebammenteam-die2.de\/index.php?rest_route=\/wp\/v2\/types\/page"}],"author":[{"embeddable":true,"href":"https:\/\/www.hebammenteam-die2.de\/index.php?rest_route=\/wp\/v2\/users\/1"}],"replies":[{"embeddable":true,"href":"https:\/\/www.hebammenteam-die2.de\/index.php?rest_route=%2Fwp%2Fv2%2Fcomments&post=15"}],"version-history":[{"count":7,"href":"https:\/\/www.hebammenteam-die2.de\/index.php?rest_route=\/wp\/v2\/pages\/15\/revisions"}],"predecessor-version":[{"id":1400,"href":"https:\/\/www.hebammenteam-die2.de\/index.php?rest_route=\/wp\/v2\/pages\/15\/revisions\/1400"}],"wp:attachment":[{"href":"https:\/\/www.hebammenteam-die2.de\/index.php?rest_route=%2Fwp%2Fv2%2Fmedia&parent=15"}],"curies":[{"name":"wp","href":"https:\/\/api.w.org\/{rel}","templated":true}]}}