{"id":13,"date":"2012-07-11T19:51:26","date_gmt":"2012-07-11T17:51:26","guid":{"rendered":"http:\/\/localhost\/hebammenteam-die2.de\/?page_id=13"},"modified":"2020-05-24T12:14:39","modified_gmt":"2020-05-24T10:14:39","slug":"schwangerschaft","status":"publish","type":"page","link":"https:\/\/www.hebammenteam-die2.de\/?page_id=13","title":{"rendered":"Schwangerschaft"},"content":{"rendered":"<p align=\"center\"><span style=\"font-family: Calibri, sans-serif;\"><b>Schwangerenvorsorge<\/b> <\/span><\/p>\n<p style=\"text-align: left;\" align=\"justify\"><span style=\"font-family: Calibri, sans-serif;\">Die Vorsorge in der Schwangerschaft kann nach Absprache mit Ihrem Frauenarzt bzw. Ihrer -\u00e4rztin in der Sana Klinik in Eutin durch mich durchgef\u00fchrt werden. Nach den Bestimmungen der Mutterschaftsrichtlinien werden die Untersuchungen im Mutterpass vermerkt. <\/span><\/p>\n<p align=\"center\"><span style=\"font-family: Calibri, sans-serif;\"><b>Geburtsvorbereitungskurs<\/b><\/span><\/p>\n<p style=\"text-align: left;\" align=\"justify\"><span style=\"font-family: Calibri, sans-serif;\">In speziellen Kursen m\u00f6chte ich Ihnen die M\u00f6glichkeit f\u00fcr eine selbstbestimmte und bewusste Geburt anbieten. <\/span><\/p>\n<p style=\"text-align: left;\" align=\"justify\"><span style=\"font-family: Calibri, sans-serif;\">Das Ziel dieses Kurses ist die Vorbereitung auf eine nat\u00fcrliche Geburt mit Gespr\u00e4chen \u00fcber die Schwangerschaft und die Geburt selbst. Auch auf die Rolle des Vaters des Kindes, Ver\u00e4nderungen in der Partnerschaft sowie auf die Bed\u00fcrfnisse des Neugeborenen wird eingegangen.<\/span><\/p>\n<p style=\"text-align: left;\" align=\"justify\"><span style=\"font-family: Calibri, sans-serif;\">Das Kernst\u00fcck ist die Atemarbeit f\u00fcr die einzelnen Geburtsphasen. Diese wird Ihre K\u00f6rperselbstwahrnehmung f\u00f6rdern und Sie f\u00fcr die Geburt sensibilisieren.<\/span><\/p>\n<p style=\"text-align: left;\" align=\"justify\"><span style=\"font-family: Calibri, sans-serif;\">Die Kosten f\u00fcr diesen Kurs werden von allen Krankenkassen \u00fcbernommen.<\/span><\/p>\n<p align=\"center\"><span style=\"font-family: Calibri, sans-serif;\"><b>Die Geburt<\/b><\/span><\/p>\n<p style=\"text-align: left;\" align=\"justify\"><span style=\"font-family: Calibri, sans-serif;\">Gerne werde ich Sie im Rahmen meiner Eins-zu-Eins-Betreuung bei Ihrer Geburt begleiten. Dabei biete ich nicht nur eine individuelle Hilfestellung, sondern ggf. auch \u00e4rztliches Wissen, um die Geburt Ihres Babys so sicher wie m\u00f6glich zu machen.<\/span><\/p>\n<p style=\"text-align: left;\" align=\"justify\"><span style=\"font-family: Calibri, sans-serif;\">W\u00fcnschen Sie die Eins-zu-Eins-Betreuung, so wird eine Rufbereitschaftspauschale in H\u00f6he von 250 Euro f\u00e4llig. Diese wird von den Krankenkassen in der Regel \u00fcbernommen. <\/span><\/p>\n<p style=\"text-align: left;\" align=\"justify\"><span style=\"font-family: Calibri, sans-serif;\"><b>Auch wenn Sie die Betreuung w\u00e4hrend der Geburt nicht w\u00fcnschen, besteht die M\u00f6glichkeit, den Geburtsvorbereitungskurs zu besuchen und\/oder die Nachsorge durch mich in Anspruch zu nehmen! <\/b><\/span><\/p>\n<p style=\"text-align: left;\" align=\"justify\"><span style=\"font-family: Calibri, sans-serif;\">F\u00fcr weitere Informationen und f\u00fcr Ihre Anmeldung stehe ich Ihnen gerne telefonisch oder in einem pers\u00f6nlichen Vorgespr\u00e4ch zur Verf\u00fcgung!<\/span><\/p>\n","protected":false},"excerpt":{"rendered":"<p>Schwangerenvorsorge Die Vorsorge in der Schwangerschaft kann nach Absprache mit Ihrem Frauenarzt bzw. Ihrer -\u00e4rztin in der Sana Klinik in Eutin durch mich durchgef\u00fchrt werden. Nach den Bestimmungen der Mutterschaftsrichtlinien werden die Untersuchungen im Mutterpass vermerkt. Geburtsvorbereitungskurs In speziellen Kursen m\u00f6chte ich Ihnen die M\u00f6glichkeit f\u00fcr eine selbstbestimmte und bewusste Geburt anbieten. Das Ziel dieses [&hellip;]<\/p>\n","protected":false},"author":1,"featured_media":0,"parent":0,"menu_order":3,"comment_status":"open","ping_status":"closed","template":"","meta":{"footnotes":"","_links_to":"","_links_to_target":""},"class_list":["post-13","page","type-page","status-publish","hentry"],"_links":{"self":[{"href":"https:\/\/www.hebammenteam-die2.de\/index.php?rest_route=\/wp\/v2\/pages\/13","targetHints":{"allow":["GET"]}}],"collection":[{"href":"https:\/\/www.hebammenteam-die2.de\/index.php?rest_route=\/wp\/v2\/pages"}],"about":[{"href":"https:\/\/www.hebammenteam-die2.de\/index.php?rest_route=\/wp\/v2\/types\/page"}],"author":[{"embeddable":true,"href":"https:\/\/www.hebammenteam-die2.de\/index.php?rest_route=\/wp\/v2\/users\/1"}],"replies":[{"embeddable":true,"href":"https:\/\/www.hebammenteam-die2.de\/index.php?rest_route=%2Fwp%2Fv2%2Fcomments&post=13"}],"version-history":[{"count":5,"href":"https:\/\/www.hebammenteam-die2.de\/index.php?rest_route=\/wp\/v2\/pages\/13\/revisions"}],"predecessor-version":[{"id":1423,"href":"https:\/\/www.hebammenteam-die2.de\/index.php?rest_route=\/wp\/v2\/pages\/13\/revisions\/1423"}],"wp:attachment":[{"href":"https:\/\/www.hebammenteam-die2.de\/index.php?rest_route=%2Fwp%2Fv2%2Fmedia&parent=13"}],"curies":[{"name":"wp","href":"https:\/\/api.w.org\/{rel}","templated":true}]}}